{"id":27,"date":"2017-08-29T10:46:27","date_gmt":"2017-08-29T10:46:27","guid":{"rendered":"http:\/\/oprawa.home.pl\/public_html\/autoinstalator\/wordpress1\/?page_id=27"},"modified":"2025-07-02T09:29:17","modified_gmt":"2025-07-02T09:29:17","slug":"kontakt","status":"publish","type":"page","link":"http:\/\/gorzowskiegry.pl\/?page_id=27","title":{"rendered":"Kontakt"},"content":{"rendered":"<p>\u00a0<\/p>\n<p><strong>Gorzowski Klub Sportowych\u00a0 Gier Karcianych i Umys\u0142owych &#8221; Kontra&#8221;<\/strong><\/p>\n<p><strong>66-446 Osiedle Pozna\u0144skie, ul: Skwierzy\u0144ska 44<\/strong><\/p>\n<p>Prezes Zarz\u0105du\u00a0<strong>Grzegorz Nir<\/strong> 500-344-574<\/p>\n<p><a href=\"mailto:grzegorznir@onet.pl\">grzegorznir@onet.pl\u00a0<\/a><\/p>\n<p>Wiceprezes <strong>Jan Forjasz<\/strong> 608-619-942<\/p>\n<p><a href=\"mailto:jan.forjasz@wp.pl\" target=\"_blank\" rel=\"noopener\">jan.forjasz@wp.pl<\/a><\/p>\n<p>Sekretarz <strong>Bogus\u0142aw Nowak<\/strong> 660-760-718<\/p>\n<p><a href=\"mailto:ben.nowak@op.pl\" target=\"_blank\" rel=\"noopener\">ben.nowak@op.pl<\/a><\/p>\n<p>Skarbnik <strong>Wies\u0142aw Pr\u00f3chenko<\/strong><\/p>\n<p>Cz\u0142onek <strong>Ewa Bombelek<\/strong><\/p>\n<p>Cz\u0142onek <strong>Bronis\u0142aw G\u0142uszak<\/strong><\/p>\n<p><strong>Komisja rewizyjna\u00a0<\/strong><\/p>\n<p>Przewodnicz\u0105cy <strong>Janusz Chudziak<\/strong><\/p>\n<p>Cz\u0142onek <strong>Maciej Fleischer<\/strong><\/p>\n<p>Cz\u0142onek <strong>Tadeusz Marek<\/strong><\/p>\n<p>\u00a0<\/p>\n\n\n<hr class=\"wp-block-separator has-alpha-channel-opacity\"\/>\n\n\n\n<p><strong>KRS <\/strong>0000471305<\/p>\n\n\n\n<p><strong>REGON&nbsp;<\/strong>081154585<\/p>\n\n\n\n<p><strong>NIP <\/strong>5993167830<\/p>\n\n\n\n<p><strong>NR KONTA<\/strong> 07 1090 1900 0000 0001 2187 8822<\/p>\n","protected":false},"excerpt":{"rendered":"<p>\u00a0 Gorzowski Klub Sportowych\u00a0 Gier Karcianych i Umys\u0142owych &#8221; Kontra&#8221; 66-446 Osiedle Pozna\u0144skie, ul: Skwierzy\u0144ska 44 Prezes Zarz\u0105du\u00a0Grzegorz Nir 500-344-574 grzegorznir@onet.pl\u00a0 Wiceprezes Jan Forjasz 608-619-942 jan.forjasz@wp.pl Sekretarz Bogus\u0142aw Nowak 660-760-718 ben.nowak@op.pl Skarbnik Wies\u0142aw Pr\u00f3chenko Cz\u0142onek Ewa Bombelek Cz\u0142onek Bronis\u0142aw G\u0142uszak Komisja rewizyjna\u00a0 Przewodnicz\u0105cy Janusz Chudziak Cz\u0142onek Maciej Fleischer Cz\u0142onek Tadeusz Marek \u00a0 KRS 0000471305 REGON&nbsp;081154585 [&hellip;]<\/p>\n","protected":false},"author":1,"featured_media":0,"parent":0,"menu_order":0,"comment_status":"closed","ping_status":"closed","template":"","meta":[],"_links":{"self":[{"href":"http:\/\/gorzowskiegry.pl\/index.php?rest_route=\/wp\/v2\/pages\/27"}],"collection":[{"href":"http:\/\/gorzowskiegry.pl\/index.php?rest_route=\/wp\/v2\/pages"}],"about":[{"href":"http:\/\/gorzowskiegry.pl\/index.php?rest_route=\/wp\/v2\/types\/page"}],"author":[{"embeddable":true,"href":"http:\/\/gorzowskiegry.pl\/index.php?rest_route=\/wp\/v2\/users\/1"}],"replies":[{"embeddable":true,"href":"http:\/\/gorzowskiegry.pl\/index.php?rest_route=%2Fwp%2Fv2%2Fcomments&post=27"}],"version-history":[{"count":12,"href":"http:\/\/gorzowskiegry.pl\/index.php?rest_route=\/wp\/v2\/pages\/27\/revisions"}],"predecessor-version":[{"id":1379,"href":"http:\/\/gorzowskiegry.pl\/index.php?rest_route=\/wp\/v2\/pages\/27\/revisions\/1379"}],"wp:attachment":[{"href":"http:\/\/gorzowskiegry.pl\/index.php?rest_route=%2Fwp%2Fv2%2Fmedia&parent=27"}],"curies":[{"name":"wp","href":"https:\/\/api.w.org\/{rel}","templated":true}]}}